{"id":191,"date":"2025-04-23T12:38:17","date_gmt":"2025-04-23T10:38:17","guid":{"rendered":"https:\/\/llamaloequix.com\/?page_id=191"},"modified":"2025-05-23T15:08:41","modified_gmt":"2025-05-23T13:08:41","slug":"contacto","status":"publish","type":"page","link":"https:\/\/llamaloequix.com\/en\/contacto\/","title":{"rendered":"Contact"},"content":{"rendered":"<div data-elementor-type=\"wp-page\" data-elementor-id=\"191\" class=\"elementor elementor-191\" data-elementor-post-type=\"page\">\n\t\t\t\t<div class=\"elementor-element elementor-element-190818b e-flex e-con-boxed e-con e-parent\" data-id=\"190818b\" data-element_type=\"container\" data-e-type=\"container\" data-settings=\"{&quot;background_background&quot;:&quot;classic&quot;}\">\n\t\t\t\t\t<div class=\"e-con-inner\">\n\t\t<div class=\"elementor-element elementor-element-3872fcf e-con-full e-flex e-con e-child\" data-id=\"3872fcf\" data-element_type=\"container\" data-e-type=\"container\">\n\t\t<div class=\"elementor-element elementor-element-632a848 e-con-full e-flex e-con e-child\" data-id=\"632a848\" data-element_type=\"container\" data-e-type=\"container\">\n\t\t<div class=\"elementor-element elementor-element-9a91498 e-con-full e-flex e-con e-child\" data-id=\"9a91498\" data-element_type=\"container\" data-e-type=\"container\">\n\t\t\t\t<div class=\"elementor-element elementor-element-08e70be elementor-widget elementor-widget-heading\" data-id=\"08e70be\" data-element_type=\"widget\" data-e-type=\"widget\" data-widget_type=\"heading.default\">\n\t\t\t\t<div class=\"elementor-widget-container\">\n\t\t\t\t\t<h6 class=\"elementor-heading-title elementor-size-default\">VENGA, QUEREMOS CONOCERTE.<\/h6>\t\t\t\t<\/div>\n\t\t\t\t<\/div>\n\t\t\t\t<div class=\"elementor-element elementor-element-ed1a274 elementor-widget-widescreen__width-initial elementor-widget elementor-widget-text-editor\" data-id=\"ed1a274\" data-element_type=\"widget\" data-e-type=\"widget\" data-widget_type=\"text-editor.default\">\n\t\t\t\t<div class=\"elementor-widget-container\">\n\t\t\t\t\t\t\t\t\t<p>Si tienes alg\u00fan proyecto. Si te gustar\u00eda trabajar con o para nosotros. Si tienes ideas que te gustar\u00eda implementar, si tienes un reto profesional o cositas interesantes que comentarnos.\u00a0<\/p>\t\t\t\t\t\t\t\t<\/div>\n\t\t\t\t<\/div>\n\t\t\t\t<div class=\"elementor-element elementor-element-e30ee76 elementor-widget elementor-widget-text-editor\" data-id=\"e30ee76\" data-element_type=\"widget\" data-e-type=\"widget\" data-widget_type=\"text-editor.default\">\n\t\t\t\t<div class=\"elementor-widget-container\">\n\t\t\t\t\t\t\t\t\t<p><strong>\u00a1ESCR\u00cdBENOS!<\/strong><\/p>\t\t\t\t\t\t\t\t<\/div>\n\t\t\t\t<\/div>\n\t\t\t\t<\/div>\n\t\t\t\t<\/div>\n\t\t\t\t<\/div>\n\t\t\t\t\t<\/div>\n\t\t\t\t<\/div>\n\t\t<div class=\"elementor-element elementor-element-53b8fc8 e-flex e-con-boxed e-con e-parent\" data-id=\"53b8fc8\" data-element_type=\"container\" data-e-type=\"container\" data-settings=\"{&quot;background_background&quot;:&quot;classic&quot;}\">\n\t\t\t\t\t<div class=\"e-con-inner\">\n\t\t<div class=\"elementor-element elementor-element-e6bab43 e-con-full e-flex e-con e-child\" data-id=\"e6bab43\" data-element_type=\"container\" data-e-type=\"container\">\n\t\t\t\t<div class=\"elementor-element elementor-element-e9c6d8b elementor-widget elementor-widget-google_maps\" data-id=\"e9c6d8b\" data-element_type=\"widget\" data-e-type=\"widget\" data-widget_type=\"google_maps.default\">\n\t\t\t\t<div class=\"elementor-widget-container\">\n\t\t\t\t\t\t\t<div class=\"elementor-custom-embed\">\n\t\t\t<iframe loading=\"lazy\"\n\t\t\t\t\tsrc=\"https:\/\/maps.google.com\/maps?q=CALLE%20DE%20GARC%C3%8DA%20DE%20PAREDES%2C%2012.%201B%20%20CHAMBER%C3%8D%20%2028010%20MADRID&#038;t=m&#038;z=15&#038;output=embed&#038;iwloc=near\"\n\t\t\t\t\ttitle=\"CALLE DE GARC\u00cdA DE PAREDES, 12. 1B  CHAMBER\u00cd  28010 MADRID\"\n\t\t\t\t\taria-label=\"CALLE DE GARC\u00cdA DE PAREDES, 12. 1B  CHAMBER\u00cd  28010 MADRID\"\n\t\t\t><\/iframe>\n\t\t<\/div>\n\t\t\t\t\t\t<\/div>\n\t\t\t\t<\/div>\n\t\t\t\t<\/div>\n\t\t<div class=\"elementor-element elementor-element-771d9af e-con-full e-flex e-con e-child\" data-id=\"771d9af\" data-element_type=\"container\" data-e-type=\"container\">\n\t\t\t\t<div class=\"elementor-element elementor-element-29f18b6 elementor-button-align-stretch elementor-widget elementor-widget-form\" data-id=\"29f18b6\" data-element_type=\"widget\" data-e-type=\"widget\" data-settings=\"{&quot;step_next_label&quot;:&quot;Next&quot;,&quot;step_previous_label&quot;:&quot;Previous&quot;,&quot;button_width&quot;:&quot;100&quot;,&quot;step_type&quot;:&quot;number_text&quot;,&quot;step_icon_shape&quot;:&quot;circle&quot;}\" data-widget_type=\"form.default\">\n\t\t\t\t<div class=\"elementor-widget-container\">\n\t\t\t\t\t\t\t<form class=\"elementor-form\" method=\"post\" name=\"contact\" aria-label=\"contact\" action=\"\">\n\t\t\t<input type=\"hidden\" name=\"post_id\" value=\"191\"\/>\n\t\t\t<input type=\"hidden\" name=\"form_id\" value=\"29f18b6\"\/>\n\t\t\t<input type=\"hidden\" name=\"referer_title\" value=\"Contacto - Ll\u00e1malo Equix\" \/>\n\n\t\t\t\t\t\t\t<input type=\"hidden\" name=\"queried_id\" value=\"191\"\/>\n\t\t\t\n\t\t\t<div class=\"elementor-form-fields-wrapper elementor-labels-\">\n\t\t\t\t\t\t\t\t<div class=\"elementor-field-type-text elementor-field-group elementor-column elementor-field-group-name elementor-col-50\">\n\t\t\t\t\t\t\t\t\t\t\t\t\t<input size=\"1\" type=\"text\" name=\"form_fields[name]\" id=\"form-field-name\" class=\"elementor-field elementor-size-lg  elementor-field-textual\" placeholder=\"Name\">\n\t\t\t\t\t\t\t\t\t\t\t<\/div>\n\t\t\t\t\t\t\t\t<div class=\"elementor-field-type-text elementor-field-group elementor-column elementor-field-group-email elementor-col-50 elementor-field-required\">\n\t\t\t\t\t\t\t\t\t\t\t\t\t<input size=\"1\" type=\"text\" name=\"form_fields[email]\" id=\"form-field-email\" class=\"elementor-field elementor-size-lg  elementor-field-textual\" placeholder=\"Apellido\" required=\"required\">\n\t\t\t\t\t\t\t\t\t\t\t<\/div>\n\t\t\t\t\t\t\t\t<div class=\"elementor-field-type-tel elementor-field-group elementor-column elementor-field-group-field_11ae5a5 elementor-col-50 elementor-field-required\">\n\t\t\t\t\t\t\t<input size=\"1\" type=\"tel\" name=\"form_fields[field_11ae5a5]\" id=\"form-field-field_11ae5a5\" class=\"elementor-field elementor-size-lg  elementor-field-textual\" placeholder=\"Tel\u00e9fono\" required=\"required\" pattern=\"[0-9()#&amp;+*-=.]+\" title=\"Only numbers and phone characters (#, -, *, etc) are accepted.\" data-no-translation-title=\"\">\n\n\t\t\t\t\t\t<\/div>\n\t\t\t\t\t\t\t\t<div class=\"elementor-field-type-email elementor-field-group elementor-column elementor-field-group-field_c65cc6d elementor-col-50 elementor-field-required\">\n\t\t\t\t\t\t\t\t\t\t\t\t\t<input size=\"1\" type=\"email\" name=\"form_fields[field_c65cc6d]\" id=\"form-field-field_c65cc6d\" class=\"elementor-field elementor-size-lg  elementor-field-textual\" placeholder=\"Email\" required=\"required\">\n\t\t\t\t\t\t\t\t\t\t\t<\/div>\n\t\t\t\t\t\t\t\t<div class=\"elementor-field-type-textarea elementor-field-group elementor-column elementor-field-group-message elementor-col-100\">\n\t\t\t\t\t<textarea class=\"elementor-field-textual elementor-field  elementor-size-lg\" name=\"form_fields[message]\" id=\"form-field-message\" rows=\"4\" placeholder=\"Cu\u00e9ntanos..\"><\/textarea>\t\t\t\t<\/div>\n\t\t\t\t\t\t\t\t<div class=\"elementor-field-type-recaptcha_v3 elementor-field-group elementor-column elementor-field-group-field_52072c8 elementor-col-100 recaptcha_v3-bottomright\">\n\t\t\t\t\t<div class=\"elementor-field\" id=\"form-field-field_52072c8\"><div class=\"elementor-g-recaptcha\" data-sitekey=\"6LfSMUYrAAAAABD3IywnqKAnHOPVTzvheVP9-mn9\" data-type=\"v3\" data-action=\"Form\" data-badge=\"bottomright\" data-size=\"invisible\"><\/div><\/div>\t\t\t\t<\/div>\n\t\t\t\t\t\t\t\t<div class=\"elementor-field-group elementor-column elementor-field-type-submit elementor-col-100 e-form__buttons\">\n\t\t\t\t\t<button class=\"elementor-button elementor-size-sm\" type=\"submit\">\n\t\t\t\t\t\t<span class=\"elementor-button-content-wrapper\">\n\t\t\t\t\t\t\t\t\t\t\t\t\t\t\t\t\t\t\t\t\t\t<span class=\"elementor-button-text\">Enviar <\/span>\n\t\t\t\t\t\t\t\t\t\t\t\t\t<\/span>\n\t\t\t\t\t<\/button>\n\t\t\t\t<\/div>\n\t\t\t<\/div>\n\t\t<input type=\"hidden\" name=\"trp-form-language\" value=\"en\"\/><\/form>\n\t\t\t\t\t\t<\/div>\n\t\t\t\t<\/div>\n\t\t\t\t<\/div>\n\t\t\t\t\t<\/div>\n\t\t\t\t<\/div>\n\t\t\t\t<\/div>","protected":false},"excerpt":{"rendered":"<p>VENGA, QUEREMOS CONOCERTE. Si tienes alg\u00fan proyecto. Si te gustar\u00eda trabajar con o para nosotros. Si tienes ideas que te gustar\u00eda implementar, si tienes un reto profesional o cositas interesantes que comentarnos.\u00a0 \u00a1ESCR\u00cdBENOS!<\/p>","protected":false},"author":1,"featured_media":0,"parent":0,"menu_order":0,"comment_status":"closed","ping_status":"closed","template":"","meta":{"inline_featured_image":false,"footnotes":""},"class_list":["post-191","page","type-page","status-publish","hentry"],"yoast_head":"<!-- This site is optimized with the Yoast SEO plugin v26.6 - https:\/\/yoast.com\/wordpress\/plugins\/seo\/ -->\n<title>Contacto - Ll\u00e1malo Equix<\/title>\n<meta name=\"robots\" content=\"index, follow, max-snippet:-1, max-image-preview:large, max-video-preview:-1\" \/>\n<link rel=\"canonical\" href=\"https:\/\/llamaloequix.com\/en\/contacto\/\" \/>\n<meta property=\"og:locale\" content=\"en_GB\" \/>\n<meta property=\"og:type\" content=\"article\" \/>\n<meta property=\"og:title\" content=\"Contacto - Ll\u00e1malo Equix\" \/>\n<meta property=\"og:description\" content=\"VENGA, QUEREMOS CONOCERTE. Si tienes alg\u00fan proyecto. Si te gustar\u00eda trabajar con o para nosotros. Si tienes ideas que te gustar\u00eda implementar, si tienes un reto profesional o cositas interesantes que comentarnos.\u00a0 \u00a1ESCR\u00cdBENOS!\" \/>\n<meta property=\"og:url\" content=\"https:\/\/llamaloequix.com\/en\/contacto\/\" \/>\n<meta property=\"og:site_name\" content=\"Ll\u00e1malo Equix\" \/>\n<meta property=\"article:publisher\" content=\"https:\/\/www.linkedin.com\/company\/llmalo-equix\" \/>\n<meta property=\"article:modified_time\" content=\"2025-05-23T13:08:41+00:00\" \/>\n<script type=\"application\/ld+json\" class=\"yoast-schema-graph\">{\"@context\":\"https:\/\/schema.org\",\"@graph\":[{\"@type\":\"WebPage\",\"@id\":\"https:\/\/llamaloequix.com\/contacto\/\",\"url\":\"https:\/\/llamaloequix.com\/contacto\/\",\"name\":\"Contacto - Ll\u00e1malo Equix\",\"isPartOf\":{\"@id\":\"https:\/\/llamaloequix.com\/#website\"},\"datePublished\":\"2025-04-23T10:38:17+00:00\",\"dateModified\":\"2025-05-23T13:08:41+00:00\",\"breadcrumb\":{\"@id\":\"https:\/\/llamaloequix.com\/contacto\/#breadcrumb\"},\"inLanguage\":\"en-GB\",\"potentialAction\":[{\"@type\":\"ReadAction\",\"target\":[\"https:\/\/llamaloequix.com\/contacto\/\"]}]},{\"@type\":\"BreadcrumbList\",\"@id\":\"https:\/\/llamaloequix.com\/contacto\/#breadcrumb\",\"itemListElement\":[{\"@type\":\"ListItem\",\"position\":1,\"name\":\"Portada\",\"item\":\"https:\/\/llamaloequix.com\/\"},{\"@type\":\"ListItem\",\"position\":2,\"name\":\"Contacto\"}]},{\"@type\":\"WebSite\",\"@id\":\"https:\/\/llamaloequix.com\/#website\",\"url\":\"https:\/\/llamaloequix.com\/\",\"name\":\"Ll\u00e1malo Equix\",\"description\":\"Exponential Thinking\",\"publisher\":{\"@id\":\"https:\/\/llamaloequix.com\/#organization\"},\"potentialAction\":[{\"@type\":\"SearchAction\",\"target\":{\"@type\":\"EntryPoint\",\"urlTemplate\":\"https:\/\/llamaloequix.com\/?s={search_term_string}\"},\"query-input\":{\"@type\":\"PropertyValueSpecification\",\"valueRequired\":true,\"valueName\":\"search_term_string\"}}],\"inLanguage\":\"en-GB\"},{\"@type\":\"Organization\",\"@id\":\"https:\/\/llamaloequix.com\/#organization\",\"name\":\"Ll\u00e1malo Equix\",\"alternateName\":\"Ll\u00e1malo Equix\",\"url\":\"https:\/\/llamaloequix.com\/\",\"logo\":{\"@type\":\"ImageObject\",\"inLanguage\":\"en-GB\",\"@id\":\"https:\/\/llamaloequix.com\/#\/schema\/logo\/image\/\",\"url\":\"https:\/\/llamaloequix.com\/wp-content\/uploads\/2025\/04\/LOGO-x.png\",\"contentUrl\":\"https:\/\/llamaloequix.com\/wp-content\/uploads\/2025\/04\/LOGO-x.png\",\"width\":1772,\"height\":887,\"caption\":\"Ll\u00e1malo Equix\"},\"image\":{\"@id\":\"https:\/\/llamaloequix.com\/#\/schema\/logo\/image\/\"},\"sameAs\":[\"https:\/\/www.linkedin.com\/company\/llmalo-equix\",\"https:\/\/www.instagram.com\/llamalo.equix\/\"]}]}<\/script>\n<!-- \/ Yoast SEO plugin. -->","yoast_head_json":{"title":"Contacto - Ll\u00e1malo Equix","robots":{"index":"index","follow":"follow","max-snippet":"max-snippet:-1","max-image-preview":"max-image-preview:large","max-video-preview":"max-video-preview:-1"},"canonical":"https:\/\/llamaloequix.com\/en\/contacto\/","og_locale":"en_GB","og_type":"article","og_title":"Contacto - Ll\u00e1malo Equix","og_description":"VENGA, QUEREMOS CONOCERTE. Si tienes alg\u00fan proyecto. Si te gustar\u00eda trabajar con o para nosotros. Si tienes ideas que te gustar\u00eda implementar, si tienes un reto profesional o cositas interesantes que comentarnos.\u00a0 \u00a1ESCR\u00cdBENOS!","og_url":"https:\/\/llamaloequix.com\/en\/contacto\/","og_site_name":"Ll\u00e1malo Equix","article_publisher":"https:\/\/www.linkedin.com\/company\/llmalo-equix","article_modified_time":"2025-05-23T13:08:41+00:00","schema":{"@context":"https:\/\/schema.org","@graph":[{"@type":"WebPage","@id":"https:\/\/llamaloequix.com\/contacto\/","url":"https:\/\/llamaloequix.com\/contacto\/","name":"Contacto - Ll\u00e1malo Equix","isPartOf":{"@id":"https:\/\/llamaloequix.com\/#website"},"datePublished":"2025-04-23T10:38:17+00:00","dateModified":"2025-05-23T13:08:41+00:00","breadcrumb":{"@id":"https:\/\/llamaloequix.com\/contacto\/#breadcrumb"},"inLanguage":"en-GB","potentialAction":[{"@type":"ReadAction","target":["https:\/\/llamaloequix.com\/contacto\/"]}]},{"@type":"BreadcrumbList","@id":"https:\/\/llamaloequix.com\/contacto\/#breadcrumb","itemListElement":[{"@type":"ListItem","position":1,"name":"Portada","item":"https:\/\/llamaloequix.com\/"},{"@type":"ListItem","position":2,"name":"Contacto"}]},{"@type":"WebSite","@id":"https:\/\/llamaloequix.com\/#website","url":"https:\/\/llamaloequix.com\/","name":"Ll\u00e1malo Equix","description":"Exponential Thinking","publisher":{"@id":"https:\/\/llamaloequix.com\/#organization"},"potentialAction":[{"@type":"SearchAction","target":{"@type":"EntryPoint","urlTemplate":"https:\/\/llamaloequix.com\/?s={search_term_string}"},"query-input":{"@type":"PropertyValueSpecification","valueRequired":true,"valueName":"search_term_string"}}],"inLanguage":"en-GB"},{"@type":"Organization","@id":"https:\/\/llamaloequix.com\/#organization","name":"Ll\u00e1malo Equix","alternateName":"Ll\u00e1malo Equix","url":"https:\/\/llamaloequix.com\/","logo":{"@type":"ImageObject","inLanguage":"en-GB","@id":"https:\/\/llamaloequix.com\/#\/schema\/logo\/image\/","url":"https:\/\/llamaloequix.com\/wp-content\/uploads\/2025\/04\/LOGO-x.png","contentUrl":"https:\/\/llamaloequix.com\/wp-content\/uploads\/2025\/04\/LOGO-x.png","width":1772,"height":887,"caption":"Ll\u00e1malo Equix"},"image":{"@id":"https:\/\/llamaloequix.com\/#\/schema\/logo\/image\/"},"sameAs":["https:\/\/www.linkedin.com\/company\/llmalo-equix","https:\/\/www.instagram.com\/llamalo.equix\/"]}]}},"_links":{"self":[{"href":"https:\/\/llamaloequix.com\/en\/wp-json\/wp\/v2\/pages\/191","targetHints":{"allow":["GET"]}}],"collection":[{"href":"https:\/\/llamaloequix.com\/en\/wp-json\/wp\/v2\/pages"}],"about":[{"href":"https:\/\/llamaloequix.com\/en\/wp-json\/wp\/v2\/types\/page"}],"author":[{"embeddable":true,"href":"https:\/\/llamaloequix.com\/en\/wp-json\/wp\/v2\/users\/1"}],"replies":[{"embeddable":true,"href":"https:\/\/llamaloequix.com\/en\/wp-json\/wp\/v2\/comments?post=191"}],"version-history":[{"count":0,"href":"https:\/\/llamaloequix.com\/en\/wp-json\/wp\/v2\/pages\/191\/revisions"}],"wp:attachment":[{"href":"https:\/\/llamaloequix.com\/en\/wp-json\/wp\/v2\/media?parent=191"}],"curies":[{"name":"wp","href":"https:\/\/api.w.org\/{rel}","templated":true}]}}